{"id":522,"date":"2024-01-28T13:33:29","date_gmt":"2024-01-28T10:33:29","guid":{"rendered":"https:\/\/pepsespais.com\/?post_type=product&#038;p=522"},"modified":"2024-01-28T14:04:08","modified_gmt":"2024-01-28T11:04:08","slug":"tela-per-zona-dombres","status":"publish","type":"product","link":"https:\/\/pepsespais.com\/es\/product\/tela-per-zona-dombres","title":{"rendered":"Tela por zona de sombras"},"content":{"rendered":"<p>Espacios de sombra que dan confort y protecci\u00f3n solar en las horas de m\u00e1s calor. Zonas adaptadas a las nuevas necesidades clim\u00e1ticas que permitan potenciar las actividades al aire libre.\u00a0<strong>Dise\u00f1amos y creamos proyectos personalizados<\/strong>\u00a0adaptados a las necesidades de cada cliente.<\/p>\n<p><a class=\"btn btn-primary\" href=\"https:\/\/pepsespais.com\/wp-content\/uploads\/2024\/01\/cataleg-OMBRES-PEPS-ESPAIS_R.pdf\">Cataleg OMBRES PEPSESPAIS<\/a><\/p>","protected":false},"excerpt":{"rendered":"<p class=\"qtranxs-available-languages-message qtranxs-available-languages-message-es\">Disculpa, pero esta entrada est\u00e1 disponible s\u00f3lo en <a href=\"https:\/\/pepsespais.com\/ca\/wp-json\/wp\/v2\/product\/522\" class=\"qtranxs-available-language-link qtranxs-available-language-link-ca\" title=\"Cat\">Cat<\/a>.<\/p>\n","protected":false},"featured_media":523,"comment_status":"open","ping_status":"closed","template":"","meta":[],"product_cat":[26],"product_tag":[],"class_list":{"0":"post-522","1":"product","2":"type-product","3":"status-publish","4":"has-post-thumbnail","6":"product_cat-productes","8":"first","9":"instock","10":"shipping-taxable","11":"purchasable","12":"product-type-simple"},"yoast_head":"<!-- This site is optimized with the Yoast SEO plugin v22.7 - https:\/\/yoast.com\/wordpress\/plugins\/seo\/ -->\n<title>Tela por zona de sombras - pepsespais<\/title>\n<meta name=\"robots\" content=\"index, follow, max-snippet:-1, max-image-preview:large, max-video-preview:-1\" \/>\n<link rel=\"canonical\" href=\"https:\/\/pepsespais.com\/product\/tela-per-zona-dombres\" \/>\n<meta property=\"og:locale\" content=\"es_ES\" \/>\n<meta property=\"og:type\" content=\"article\" \/>\n<meta property=\"og:title\" content=\"Tela por zona de sombras - pepsespais\" \/>\n<meta property=\"og:description\" content=\"(Cat) Zona d\u2019ombres amb obra civil Preu per consultar.  Pressupost personalitzat sense comprom\u00eds.  Mida 6*3 - Preu 245\u20ac\" \/>\n<meta property=\"og:url\" content=\"https:\/\/pepsespais.com\/product\/tela-per-zona-dombres\" \/>\n<meta property=\"og:site_name\" content=\"pepsespais\" \/>\n<meta property=\"article:modified_time\" content=\"2024-01-28T11:04:08+00:00\" \/>\n<meta property=\"og:image\" content=\"https:\/\/pepsespais.com\/wp-content\/uploads\/2024\/01\/novetat.webp\" \/>\n\t<meta property=\"og:image:width\" content=\"720\" \/>\n\t<meta property=\"og:image:height\" content=\"554\" \/>\n\t<meta property=\"og:image:type\" content=\"image\/webp\" \/>\n<meta name=\"twitter:card\" content=\"summary_large_image\" \/>\n<meta name=\"twitter:label1\" content=\"Tiempo de lectura\" \/>\n\t<meta name=\"twitter:data1\" content=\"1 minuto\" \/>\n<script type=\"application\/ld+json\" class=\"yoast-schema-graph\">{\"@context\":\"https:\/\/schema.org\",\"@graph\":[{\"@type\":\"WebPage\",\"@id\":\"https:\/\/pepsespais.com\/product\/tela-per-zona-dombres\",\"url\":\"https:\/\/pepsespais.com\/product\/tela-per-zona-dombres\",\"name\":\"[:ca]Tela per zona d\u2019ombres[:es]Tela por zona de sombras[:] - pepsespais\",\"isPartOf\":{\"@id\":\"https:\/\/pepsespais.com\/#website\"},\"primaryImageOfPage\":{\"@id\":\"https:\/\/pepsespais.com\/product\/tela-per-zona-dombres#primaryimage\"},\"image\":{\"@id\":\"https:\/\/pepsespais.com\/product\/tela-per-zona-dombres#primaryimage\"},\"thumbnailUrl\":\"https:\/\/pepsespais.com\/wp-content\/uploads\/2024\/01\/novetat.webp\",\"datePublished\":\"2024-01-28T10:33:29+00:00\",\"dateModified\":\"2024-01-28T11:04:08+00:00\",\"breadcrumb\":{\"@id\":\"https:\/\/pepsespais.com\/product\/tela-per-zona-dombres#breadcrumb\"},\"inLanguage\":\"es\",\"potentialAction\":[{\"@type\":\"ReadAction\",\"target\":[\"https:\/\/pepsespais.com\/product\/tela-per-zona-dombres\"]}]},{\"@type\":\"ImageObject\",\"inLanguage\":\"es\",\"@id\":\"https:\/\/pepsespais.com\/product\/tela-per-zona-dombres#primaryimage\",\"url\":\"https:\/\/pepsespais.com\/wp-content\/uploads\/2024\/01\/novetat.webp\",\"contentUrl\":\"https:\/\/pepsespais.com\/wp-content\/uploads\/2024\/01\/novetat.webp\",\"width\":720,\"height\":554},{\"@type\":\"BreadcrumbList\",\"@id\":\"https:\/\/pepsespais.com\/product\/tela-per-zona-dombres#breadcrumb\",\"itemListElement\":[{\"@type\":\"ListItem\",\"position\":1,\"name\":\"Home\",\"item\":\"https:\/\/pepsespais.com\/\"},{\"@type\":\"ListItem\",\"position\":2,\"name\":\"Productes\",\"item\":\"https:\/\/pepsespais.com\/productes\"},{\"@type\":\"ListItem\",\"position\":3,\"name\":\"Tela per zona d\u2019ombres\"}]},{\"@type\":\"WebSite\",\"@id\":\"https:\/\/pepsespais.com\/#website\",\"url\":\"https:\/\/pepsespais.com\/\",\"name\":\"pepsespais\",\"description\":\"\",\"publisher\":{\"@id\":\"https:\/\/pepsespais.com\/#organization\"},\"potentialAction\":[{\"@type\":\"SearchAction\",\"target\":{\"@type\":\"EntryPoint\",\"urlTemplate\":\"https:\/\/pepsespais.com\/?s={search_term_string}\"},\"query-input\":\"required name=search_term_string\"}],\"inLanguage\":\"es\"},{\"@type\":\"Organization\",\"@id\":\"https:\/\/pepsespais.com\/#organization\",\"name\":\"pepsespais\",\"url\":\"https:\/\/pepsespais.com\/\",\"logo\":{\"@type\":\"ImageObject\",\"inLanguage\":\"es\",\"@id\":\"https:\/\/pepsespais.com\/#\/schema\/logo\/image\/\",\"url\":\"https:\/\/pepsespais.com\/wp-content\/uploads\/2024\/01\/logo-pepsespais.png\",\"contentUrl\":\"https:\/\/pepsespais.com\/wp-content\/uploads\/2024\/01\/logo-pepsespais.png\",\"width\":235,\"height\":139,\"caption\":\"pepsespais\"},\"image\":{\"@id\":\"https:\/\/pepsespais.com\/#\/schema\/logo\/image\/\"}}]}<\/script>\n<!-- \/ Yoast SEO plugin. -->","yoast_head_json":{"title":"[:ca]Tela per zona d\u2019ombres[:es]Tela por zona de sombras[:] - pepsespais","robots":{"index":"index","follow":"follow","max-snippet":"max-snippet:-1","max-image-preview":"max-image-preview:large","max-video-preview":"max-video-preview:-1"},"canonical":"https:\/\/pepsespais.com\/product\/tela-per-zona-dombres","og_locale":"es_ES","og_type":"article","og_title":"Tela por zona de sombras - pepsespais","og_description":"(Cat) Zona d\u2019ombres amb obra civil Preu per consultar.  Pressupost personalitzat sense comprom\u00eds.  Mida 6*3 - Preu 245\u20ac","og_url":"https:\/\/pepsespais.com\/product\/tela-per-zona-dombres","og_site_name":"pepsespais","article_modified_time":"2024-01-28T11:04:08+00:00","og_image":[{"width":720,"height":554,"url":"https:\/\/pepsespais.com\/wp-content\/uploads\/2024\/01\/novetat.webp","type":"image\/webp"}],"twitter_card":"summary_large_image","twitter_misc":{"Tiempo de lectura":"1 minuto"},"schema":{"@context":"https:\/\/schema.org","@graph":[{"@type":"WebPage","@id":"https:\/\/pepsespais.com\/product\/tela-per-zona-dombres","url":"https:\/\/pepsespais.com\/product\/tela-per-zona-dombres","name":"[:ca]Tela per zona d\u2019ombres[:es]Tela por zona de sombras[:] - pepsespais","isPartOf":{"@id":"https:\/\/pepsespais.com\/#website"},"primaryImageOfPage":{"@id":"https:\/\/pepsespais.com\/product\/tela-per-zona-dombres#primaryimage"},"image":{"@id":"https:\/\/pepsespais.com\/product\/tela-per-zona-dombres#primaryimage"},"thumbnailUrl":"https:\/\/pepsespais.com\/wp-content\/uploads\/2024\/01\/novetat.webp","datePublished":"2024-01-28T10:33:29+00:00","dateModified":"2024-01-28T11:04:08+00:00","breadcrumb":{"@id":"https:\/\/pepsespais.com\/product\/tela-per-zona-dombres#breadcrumb"},"inLanguage":"es","potentialAction":[{"@type":"ReadAction","target":["https:\/\/pepsespais.com\/product\/tela-per-zona-dombres"]}]},{"@type":"ImageObject","inLanguage":"es","@id":"https:\/\/pepsespais.com\/product\/tela-per-zona-dombres#primaryimage","url":"https:\/\/pepsespais.com\/wp-content\/uploads\/2024\/01\/novetat.webp","contentUrl":"https:\/\/pepsespais.com\/wp-content\/uploads\/2024\/01\/novetat.webp","width":720,"height":554},{"@type":"BreadcrumbList","@id":"https:\/\/pepsespais.com\/product\/tela-per-zona-dombres#breadcrumb","itemListElement":[{"@type":"ListItem","position":1,"name":"Home","item":"https:\/\/pepsespais.com\/"},{"@type":"ListItem","position":2,"name":"Productes","item":"https:\/\/pepsespais.com\/productes"},{"@type":"ListItem","position":3,"name":"Tela per zona d\u2019ombres"}]},{"@type":"WebSite","@id":"https:\/\/pepsespais.com\/#website","url":"https:\/\/pepsespais.com\/","name":"pepsespais","description":"","publisher":{"@id":"https:\/\/pepsespais.com\/#organization"},"potentialAction":[{"@type":"SearchAction","target":{"@type":"EntryPoint","urlTemplate":"https:\/\/pepsespais.com\/?s={search_term_string}"},"query-input":"required name=search_term_string"}],"inLanguage":"es"},{"@type":"Organization","@id":"https:\/\/pepsespais.com\/#organization","name":"pepsespais","url":"https:\/\/pepsespais.com\/","logo":{"@type":"ImageObject","inLanguage":"es","@id":"https:\/\/pepsespais.com\/#\/schema\/logo\/image\/","url":"https:\/\/pepsespais.com\/wp-content\/uploads\/2024\/01\/logo-pepsespais.png","contentUrl":"https:\/\/pepsespais.com\/wp-content\/uploads\/2024\/01\/logo-pepsespais.png","width":235,"height":139,"caption":"pepsespais"},"image":{"@id":"https:\/\/pepsespais.com\/#\/schema\/logo\/image\/"}}]}},"_links":{"self":[{"href":"https:\/\/pepsespais.com\/es\/wp-json\/wp\/v2\/product\/522","targetHints":{"allow":["GET"]}}],"collection":[{"href":"https:\/\/pepsespais.com\/es\/wp-json\/wp\/v2\/product"}],"about":[{"href":"https:\/\/pepsespais.com\/es\/wp-json\/wp\/v2\/types\/product"}],"replies":[{"embeddable":true,"href":"https:\/\/pepsespais.com\/es\/wp-json\/wp\/v2\/comments?post=522"}],"wp:featuredmedia":[{"embeddable":true,"href":"https:\/\/pepsespais.com\/es\/wp-json\/wp\/v2\/media\/523"}],"wp:attachment":[{"href":"https:\/\/pepsespais.com\/es\/wp-json\/wp\/v2\/media?parent=522"}],"wp:term":[{"taxonomy":"product_cat","embeddable":true,"href":"https:\/\/pepsespais.com\/es\/wp-json\/wp\/v2\/product_cat?post=522"},{"taxonomy":"product_tag","embeddable":true,"href":"https:\/\/pepsespais.com\/es\/wp-json\/wp\/v2\/product_tag?post=522"}],"curies":[{"name":"wp","href":"https:\/\/api.w.org\/{rel}","templated":true}]}}