{"id":510,"date":"2024-01-28T11:00:06","date_gmt":"2024-01-28T08:00:06","guid":{"rendered":"https:\/\/pepsespais.com\/?post_type=product&#038;p=510"},"modified":"2024-01-28T14:36:01","modified_gmt":"2024-01-28T11:36:01","slug":"jardineres-fetes-a-mida","status":"publish","type":"product","link":"https:\/\/pepsespais.com\/es\/product\/jardineres-fetes-a-mida","title":{"rendered":"Jardineras hechas a medida"},"content":{"rendered":"<p>Mobiliario urbano con dise\u00f1o personalizado. Piezas \u00fanicas funcionales con el valor a\u00f1adido de embellecer el espacio urbano.<\/p>","protected":false},"excerpt":{"rendered":"<p class=\"qtranxs-available-languages-message qtranxs-available-languages-message-es\">Disculpa, pero esta entrada est\u00e1 disponible s\u00f3lo en <a href=\"https:\/\/pepsespais.com\/ca\/wp-json\/wp\/v2\/product\/510\" class=\"qtranxs-available-language-link qtranxs-available-language-link-ca\" title=\"Cat\">Cat<\/a>.<\/p>\n","protected":false},"featured_media":511,"comment_status":"open","ping_status":"closed","template":"","meta":[],"product_cat":[26],"product_tag":[],"class_list":{"0":"post-510","1":"product","2":"type-product","3":"status-publish","4":"has-post-thumbnail","6":"product_cat-productes","8":"first","9":"instock","10":"shipping-taxable","11":"purchasable","12":"product-type-variable"},"yoast_head":"<!-- This site is optimized with the Yoast SEO plugin v22.7 - https:\/\/yoast.com\/wordpress\/plugins\/seo\/ -->\n<title>Jardineras hechas a medida - pepsespais<\/title>\n<meta name=\"robots\" content=\"index, follow, max-snippet:-1, max-image-preview:large, max-video-preview:-1\" \/>\n<link rel=\"canonical\" href=\"https:\/\/pepsespais.com\/product\/jardineres-fetes-a-mida\" \/>\n<meta property=\"og:locale\" content=\"es_ES\" \/>\n<meta property=\"og:type\" content=\"article\" \/>\n<meta property=\"og:title\" content=\"Jardineras hechas a medida - pepsespais\" \/>\n<meta property=\"og:description\" content=\"(Cat) Material ferro Pressupost sense comprom\u00eds   Jardinera urbana d\u2019estructura met\u00e0l\u00b7lica.  Possibilitat de diferents acabats 3mm gruix: acer \/ corten \/ negre oxiron  Material resistent, de gran durabilitat i harm\u00f2nic amb l\u2019entorn.  Mides disponibles:    Mides Refer\u00e8ncia Refer\u00e8ncia   Rectangular Acabat Corten Pintat al forn   50x50x47cm MJAR001C MJAR001P   75x75x47cm MJAR002C MJAR002P   100x50x47cm MJAR003C MJAR003P   100x100x47cm MJAR004C MJAR004P   100x100x100cm MJAR005C MJAR005P   200x50x47cm MJAR006C MJAR006P   Circular Acabat Corten Pintat al forn   \u00d8 60 cm x 47cm MJAC001C MJAC001P   \u00d8 90 cm x 47cm MJAC002C MJAC002P   Triangular Acabat Corten Pintat al forn   84,5x60x47cm MJAT001C MJAT001P\" \/>\n<meta property=\"og:url\" content=\"https:\/\/pepsespais.com\/product\/jardineres-fetes-a-mida\" \/>\n<meta property=\"og:site_name\" content=\"pepsespais\" \/>\n<meta property=\"article:modified_time\" content=\"2024-01-28T11:36:01+00:00\" \/>\n<meta property=\"og:image\" content=\"https:\/\/pepsespais.com\/wp-content\/uploads\/2024\/01\/jardineres.webp\" \/>\n\t<meta property=\"og:image:width\" content=\"1065\" \/>\n\t<meta property=\"og:image:height\" content=\"1045\" \/>\n\t<meta property=\"og:image:type\" content=\"image\/webp\" \/>\n<meta name=\"twitter:card\" content=\"summary_large_image\" \/>\n<meta name=\"twitter:label1\" content=\"Tiempo de lectura\" \/>\n\t<meta name=\"twitter:data1\" content=\"1 minuto\" \/>\n<script type=\"application\/ld+json\" class=\"yoast-schema-graph\">{\"@context\":\"https:\/\/schema.org\",\"@graph\":[{\"@type\":\"WebPage\",\"@id\":\"https:\/\/pepsespais.com\/product\/jardineres-fetes-a-mida\",\"url\":\"https:\/\/pepsespais.com\/product\/jardineres-fetes-a-mida\",\"name\":\"[:ca]Jardineres fetes a mida[:es]Jardineras hechas a medida[:] - pepsespais\",\"isPartOf\":{\"@id\":\"https:\/\/pepsespais.com\/#website\"},\"primaryImageOfPage\":{\"@id\":\"https:\/\/pepsespais.com\/product\/jardineres-fetes-a-mida#primaryimage\"},\"image\":{\"@id\":\"https:\/\/pepsespais.com\/product\/jardineres-fetes-a-mida#primaryimage\"},\"thumbnailUrl\":\"https:\/\/pepsespais.com\/wp-content\/uploads\/2024\/01\/jardineres.webp\",\"datePublished\":\"2024-01-28T08:00:06+00:00\",\"dateModified\":\"2024-01-28T11:36:01+00:00\",\"breadcrumb\":{\"@id\":\"https:\/\/pepsespais.com\/product\/jardineres-fetes-a-mida#breadcrumb\"},\"inLanguage\":\"es\",\"potentialAction\":[{\"@type\":\"ReadAction\",\"target\":[\"https:\/\/pepsespais.com\/product\/jardineres-fetes-a-mida\"]}]},{\"@type\":\"ImageObject\",\"inLanguage\":\"es\",\"@id\":\"https:\/\/pepsespais.com\/product\/jardineres-fetes-a-mida#primaryimage\",\"url\":\"https:\/\/pepsespais.com\/wp-content\/uploads\/2024\/01\/jardineres.webp\",\"contentUrl\":\"https:\/\/pepsespais.com\/wp-content\/uploads\/2024\/01\/jardineres.webp\",\"width\":1065,\"height\":1045},{\"@type\":\"BreadcrumbList\",\"@id\":\"https:\/\/pepsespais.com\/product\/jardineres-fetes-a-mida#breadcrumb\",\"itemListElement\":[{\"@type\":\"ListItem\",\"position\":1,\"name\":\"Home\",\"item\":\"https:\/\/pepsespais.com\/\"},{\"@type\":\"ListItem\",\"position\":2,\"name\":\"Productes\",\"item\":\"https:\/\/pepsespais.com\/productes\"},{\"@type\":\"ListItem\",\"position\":3,\"name\":\"Jardineres fetes a mida\"}]},{\"@type\":\"WebSite\",\"@id\":\"https:\/\/pepsespais.com\/#website\",\"url\":\"https:\/\/pepsespais.com\/\",\"name\":\"pepsespais\",\"description\":\"\",\"publisher\":{\"@id\":\"https:\/\/pepsespais.com\/#organization\"},\"potentialAction\":[{\"@type\":\"SearchAction\",\"target\":{\"@type\":\"EntryPoint\",\"urlTemplate\":\"https:\/\/pepsespais.com\/?s={search_term_string}\"},\"query-input\":\"required name=search_term_string\"}],\"inLanguage\":\"es\"},{\"@type\":\"Organization\",\"@id\":\"https:\/\/pepsespais.com\/#organization\",\"name\":\"pepsespais\",\"url\":\"https:\/\/pepsespais.com\/\",\"logo\":{\"@type\":\"ImageObject\",\"inLanguage\":\"es\",\"@id\":\"https:\/\/pepsespais.com\/#\/schema\/logo\/image\/\",\"url\":\"https:\/\/pepsespais.com\/wp-content\/uploads\/2024\/01\/logo-pepsespais.png\",\"contentUrl\":\"https:\/\/pepsespais.com\/wp-content\/uploads\/2024\/01\/logo-pepsespais.png\",\"width\":235,\"height\":139,\"caption\":\"pepsespais\"},\"image\":{\"@id\":\"https:\/\/pepsespais.com\/#\/schema\/logo\/image\/\"}}]}<\/script>\n<!-- \/ Yoast SEO plugin. -->","yoast_head_json":{"title":"[:ca]Jardineres fetes a mida[:es]Jardineras hechas a medida[:] - pepsespais","robots":{"index":"index","follow":"follow","max-snippet":"max-snippet:-1","max-image-preview":"max-image-preview:large","max-video-preview":"max-video-preview:-1"},"canonical":"https:\/\/pepsespais.com\/product\/jardineres-fetes-a-mida","og_locale":"es_ES","og_type":"article","og_title":"Jardineras hechas a medida - pepsespais","og_description":"(Cat) Material ferro Pressupost sense comprom\u00eds   Jardinera urbana d\u2019estructura met\u00e0l\u00b7lica.  Possibilitat de diferents acabats 3mm gruix: acer \/ corten \/ negre oxiron  Material resistent, de gran durabilitat i harm\u00f2nic amb l\u2019entorn.  Mides disponibles:    Mides Refer\u00e8ncia Refer\u00e8ncia   Rectangular Acabat Corten Pintat al forn   50x50x47cm MJAR001C MJAR001P   75x75x47cm MJAR002C MJAR002P   100x50x47cm MJAR003C MJAR003P   100x100x47cm MJAR004C MJAR004P   100x100x100cm MJAR005C MJAR005P   200x50x47cm MJAR006C MJAR006P   Circular Acabat Corten Pintat al forn   \u00d8 60 cm x 47cm MJAC001C MJAC001P   \u00d8 90 cm x 47cm MJAC002C MJAC002P   Triangular Acabat Corten Pintat al forn   84,5x60x47cm MJAT001C MJAT001P","og_url":"https:\/\/pepsespais.com\/product\/jardineres-fetes-a-mida","og_site_name":"pepsespais","article_modified_time":"2024-01-28T11:36:01+00:00","og_image":[{"width":1065,"height":1045,"url":"https:\/\/pepsespais.com\/wp-content\/uploads\/2024\/01\/jardineres.webp","type":"image\/webp"}],"twitter_card":"summary_large_image","twitter_misc":{"Tiempo de lectura":"1 minuto"},"schema":{"@context":"https:\/\/schema.org","@graph":[{"@type":"WebPage","@id":"https:\/\/pepsespais.com\/product\/jardineres-fetes-a-mida","url":"https:\/\/pepsespais.com\/product\/jardineres-fetes-a-mida","name":"[:ca]Jardineres fetes a mida[:es]Jardineras hechas a medida[:] - pepsespais","isPartOf":{"@id":"https:\/\/pepsespais.com\/#website"},"primaryImageOfPage":{"@id":"https:\/\/pepsespais.com\/product\/jardineres-fetes-a-mida#primaryimage"},"image":{"@id":"https:\/\/pepsespais.com\/product\/jardineres-fetes-a-mida#primaryimage"},"thumbnailUrl":"https:\/\/pepsespais.com\/wp-content\/uploads\/2024\/01\/jardineres.webp","datePublished":"2024-01-28T08:00:06+00:00","dateModified":"2024-01-28T11:36:01+00:00","breadcrumb":{"@id":"https:\/\/pepsespais.com\/product\/jardineres-fetes-a-mida#breadcrumb"},"inLanguage":"es","potentialAction":[{"@type":"ReadAction","target":["https:\/\/pepsespais.com\/product\/jardineres-fetes-a-mida"]}]},{"@type":"ImageObject","inLanguage":"es","@id":"https:\/\/pepsespais.com\/product\/jardineres-fetes-a-mida#primaryimage","url":"https:\/\/pepsespais.com\/wp-content\/uploads\/2024\/01\/jardineres.webp","contentUrl":"https:\/\/pepsespais.com\/wp-content\/uploads\/2024\/01\/jardineres.webp","width":1065,"height":1045},{"@type":"BreadcrumbList","@id":"https:\/\/pepsespais.com\/product\/jardineres-fetes-a-mida#breadcrumb","itemListElement":[{"@type":"ListItem","position":1,"name":"Home","item":"https:\/\/pepsespais.com\/"},{"@type":"ListItem","position":2,"name":"Productes","item":"https:\/\/pepsespais.com\/productes"},{"@type":"ListItem","position":3,"name":"Jardineres fetes a mida"}]},{"@type":"WebSite","@id":"https:\/\/pepsespais.com\/#website","url":"https:\/\/pepsespais.com\/","name":"pepsespais","description":"","publisher":{"@id":"https:\/\/pepsespais.com\/#organization"},"potentialAction":[{"@type":"SearchAction","target":{"@type":"EntryPoint","urlTemplate":"https:\/\/pepsespais.com\/?s={search_term_string}"},"query-input":"required name=search_term_string"}],"inLanguage":"es"},{"@type":"Organization","@id":"https:\/\/pepsespais.com\/#organization","name":"pepsespais","url":"https:\/\/pepsespais.com\/","logo":{"@type":"ImageObject","inLanguage":"es","@id":"https:\/\/pepsespais.com\/#\/schema\/logo\/image\/","url":"https:\/\/pepsespais.com\/wp-content\/uploads\/2024\/01\/logo-pepsespais.png","contentUrl":"https:\/\/pepsespais.com\/wp-content\/uploads\/2024\/01\/logo-pepsespais.png","width":235,"height":139,"caption":"pepsespais"},"image":{"@id":"https:\/\/pepsespais.com\/#\/schema\/logo\/image\/"}}]}},"_links":{"self":[{"href":"https:\/\/pepsespais.com\/es\/wp-json\/wp\/v2\/product\/510","targetHints":{"allow":["GET"]}}],"collection":[{"href":"https:\/\/pepsespais.com\/es\/wp-json\/wp\/v2\/product"}],"about":[{"href":"https:\/\/pepsespais.com\/es\/wp-json\/wp\/v2\/types\/product"}],"replies":[{"embeddable":true,"href":"https:\/\/pepsespais.com\/es\/wp-json\/wp\/v2\/comments?post=510"}],"wp:featuredmedia":[{"embeddable":true,"href":"https:\/\/pepsespais.com\/es\/wp-json\/wp\/v2\/media\/511"}],"wp:attachment":[{"href":"https:\/\/pepsespais.com\/es\/wp-json\/wp\/v2\/media?parent=510"}],"wp:term":[{"taxonomy":"product_cat","embeddable":true,"href":"https:\/\/pepsespais.com\/es\/wp-json\/wp\/v2\/product_cat?post=510"},{"taxonomy":"product_tag","embeddable":true,"href":"https:\/\/pepsespais.com\/es\/wp-json\/wp\/v2\/product_tag?post=510"}],"curies":[{"name":"wp","href":"https:\/\/api.w.org\/{rel}","templated":true}]}}