{"id":574,"date":"2024-01-28T17:52:08","date_gmt":"2024-01-28T14:52:08","guid":{"rendered":"https:\/\/pepsespais.com\/?page_id=574"},"modified":"2024-05-22T17:37:25","modified_gmt":"2024-05-22T14:37:25","slug":"nosaltres","status":"publish","type":"page","link":"https:\/\/pepsespais.com\/es\/nosaltres","title":{"rendered":"Nosotros"},"content":{"rendered":"<section class=\"wpb-content-wrapper\"><p>[vc_row][vc_column][vc_column_text el_class=&#8221;text-center&#8221;]<\/p>\n<h1>ESPACIOS DE CULTURA URBANA<\/h1>\n<p><strong>Creamos espacios de cultura urbana que mejoren la calidad de calles y barrios, donde la ciudadan\u00eda pueda reafirmar el sentimiento de pertenencia<\/strong>[\/vc_column_text][\/vc_column][\/vc_row][vc_row full_width=&#8221;stretch_row&#8221; full_height=&#8221;yes&#8221; equal_height=&#8221;yes&#8221; css=&#8221;.vc_custom_1709394501857{background-image: url(https:\/\/pepsespais.com\/wp-content\/uploads\/2024\/03\/main-back.webp?id=611) !important;background-position: center !important;background-repeat: no-repeat !important;background-size: cover !important;}&#8221; el_class=&#8221;minh100vh&#8221;][vc_column width=&#8221;1\/2&#8243;][vc_column_text el_class=&#8221;panel-grey&#8221;]<strong>PEPS Espais nace de la voluntad de embellecer el entorno urbano con elementos del patrimonio cultural e hist\u00f3rico de cada municipio<\/strong>. Entendemos els espacio, p\u00fablico y privado, c\u00f3mo el lugar de convivencia del tejido social.<\/p>\n<p>Tenemos la firme convicci\u00f3n que embellecer\u00a0<strong>el espacio urbano va m\u00e1s all\u00e1 de la intervenci\u00f3n urban\u00edstica<\/strong>. Queremos crear espacios de cultura urbana que mejoren la calidad de calles y barrios, y donde la ciudadan\u00eda pueda reafirmar el sentimiento de pertenencia.<\/p>\n<p><strong>Ofrecemos soluciones integrales<\/strong>\u00a0para poner en valor los espacios integr\u00e1ndolos en el entorno y reforzando la identidad del territorio.<\/p>\n<p><strong>Tratamos cada proyecto de forma individual<\/strong>\u00a0y nos adaptamos a las necesidades de cada cliente.<\/p>\n<p><strong>Trabajamos con los mejores materiales<\/strong>, cuidando cada detalle y respetando el medio ambiente[\/vc_column_text][vc_column_text el_class=&#8221;panel-grey text-center&#8221;]<\/p>\n<h4>Descarga nuestros cat\u00e1logos<\/h4>\n<p><a class=\"btn btn-primary\" href=\"https:\/\/pepsespais.com\/wp-content\/uploads\/2024\/03\/catalogo-SOMBRAS-PEPS-ESPAIS-es.pdf\" target=\"_blank\" rel=\"noopener\"><i class=\"fas fa-file-pdf\"><\/i> Cat\u00e1logo Corporativo<\/a> <a class=\"btn btn-primary\" href=\"https:\/\/pepsespais.com\/wp-content\/uploads\/2024\/03\/DOSSIER-PEPSESPAIS_PROJECTES_23_R.pdf\" target=\"_blank\" rel=\"noopener\"><i class=\"fas fa-file-pdf\"><\/i> Cat\u00e1logo espacios de sombra 2021<\/a><br \/>\n[\/vc_column_text][\/vc_column][vc_column width=&#8221;1\/2&#8243;][\/vc_column][\/vc_row][vc_row equal_height=&#8221;yes&#8221; content_placement=&#8221;middle&#8221;][vc_column width=&#8221;1\/2&#8243;][vc_column_text]<img loading=\"lazy\" decoding=\"async\" class=\"alignnone size-full wp-image-467\" src=\"https:\/\/pepsespais.com\/wp-content\/uploads\/2024\/01\/serveis-1.jpg\" alt=\"\" width=\"900\" height=\"701\" srcset=\"https:\/\/pepsespais.com\/wp-content\/uploads\/2024\/01\/serveis-1.jpg 900w, https:\/\/pepsespais.com\/wp-content\/uploads\/2024\/01\/serveis-1-300x234.jpg 300w, https:\/\/pepsespais.com\/wp-content\/uploads\/2024\/01\/serveis-1-768x598.jpg 768w, https:\/\/pepsespais.com\/wp-content\/uploads\/2024\/01\/serveis-1-600x467.jpg 600w\" sizes=\"auto, (max-width: 900px) 100vw, 900px\" \/>[\/vc_column_text][\/vc_column][vc_column width=&#8221;1\/2&#8243;][vc_column_text el_class=&#8221;valors&#8221;]<\/p>\n<h2>Valores, finalidad y misi\u00f3n<\/h2>\n<h4><i class=\"fas fa-hand-holding-heart\"><\/i> Aportamos<\/h4>\n<p>Ponemos en valor los s\u00edmbolos de identidad teniendo en cuenta la cultura, historia y tradiciones.<\/p>\n<h4><i class=\"fas fa-users-cog\"><\/i> Personalizamos<\/h4>\n<p>Nos adaptamos a cada necesidad y buscamos la mejor soluci\u00f3n.<\/p>\n<h4><i class=\"far fa-gem\"><\/i> Materializamos<\/h4>\n<p>Trabajamos diferentes materiales dando forma a cada proyecto y garantizando la calidad de la obra.<\/p>\n<h4><i class=\"fas fa-hand-sparkles\"><\/i> Implicamos<\/h4>\n<p>Revalorizamos el entorno como un valor para la comunidad y para el municipio.[\/vc_column_text][\/vc_column][\/vc_row]<\/p>\n<\/section>","protected":false},"excerpt":{"rendered":"<p>[vc_row][vc_column][vc_column_text el_class=&#8221;text-center&#8221;] ESPACIOS DE CULTURA URBANA Creamos espacios de cultura urbana que mejoren la calidad de calles y barrios, donde la ciudadan\u00eda pueda reafirmar el sentimiento de pertenencia[\/vc_column_text][\/vc_column][\/vc_row][vc_row full_width=&#8221;stretch_row&#8221; full_height=&#8221;yes&#8221; equal_height=&#8221;yes&#8221; css=&#8221;.vc_custom_1709394501857{background-image: url(https:\/\/pepsespais.com\/wp-content\/uploads\/2024\/03\/main-back.webp?id=611) !important;background-position: center !important;background-repeat: no-repeat !important;background-size: cover !important;}&#8221; el_class=&#8221;minh100vh&#8221;][vc_column width=&#8221;1\/2&#8243;][vc_column_text el_class=&#8221;panel-grey&#8221;]PEPS Espais nace de la voluntad de embellecer el entorno urbano con elementos del patrimonio cultural e hist\u00f3rico de cada municipio. Entendemos els espacio, p\u00fablico y privado, c\u00f3mo el lugar de convivencia del tejido social. Tenemos la firme convicci\u00f3n que embellecer\u00a0el espacio urbano va m\u00e1s all\u00e1 de la intervenci\u00f3n urban\u00edstica. Queremos crear espacios de cultura urbana que mejoren la calidad de calles y barrios, y donde la ciudadan\u00eda pueda reafirmar el sentimiento de pertenencia. Ofrecemos soluciones integrales\u00a0para poner en valor los espacios integr\u00e1ndolos en el entorno y reforzando la identidad del territorio. Tratamos cada proyecto de forma individual\u00a0y nos adaptamos a las necesidades de cada cliente. Trabajamos con los mejores materiales, cuidando cada detalle y respetando el medio ambiente[\/vc_column_text][vc_column_text el_class=&#8221;panel-grey text-center&#8221;] Descarga nuestros cat\u00e1logos Cat\u00e1logo Corporativo Cat\u00e1logo espacios de sombra 2021 [\/vc_column_text][\/vc_column][vc_column width=&#8221;1\/2&#8243;][\/vc_column][\/vc_row][vc_row equal_height=&#8221;yes&#8221; content_placement=&#8221;middle&#8221;][vc_column width=&#8221;1\/2&#8243;][vc_column_text][\/vc_column_text][\/vc_column][vc_column width=&#8221;1\/2&#8243;][vc_column_text el_class=&#8221;valors&#8221;] Valores, finalidad y misi\u00f3n Aportamos Ponemos en valor los s\u00edmbolos de identidad teniendo en cuenta la cultura, historia y tradiciones. Personalizamos Nos adaptamos a cada necesidad y buscamos la mejor soluci\u00f3n. Materializamos Trabajamos diferentes materiales dando forma a cada proyecto y garantizando la calidad de la obra. Implicamos Revalorizamos el entorno como un valor para la comunidad y para el municipio.[\/vc_column_text][\/vc_column][\/vc_row]<\/p>\n","protected":false},"author":1,"featured_media":0,"parent":0,"menu_order":0,"comment_status":"closed","ping_status":"closed","template":"template-parts\/homepage.php","meta":{"footnotes":""},"class_list":["post-574","page","type-page","status-publish","hentry"],"yoast_head":"<!-- This site is optimized with the Yoast SEO plugin v22.7 - https:\/\/yoast.com\/wordpress\/plugins\/seo\/ -->\n<title>Creaci\u00f3n de espacios de cultura urbana, sobre PEPS Espais<\/title>\n<meta name=\"description\" content=\"Creamos espacios de cultura urbana que mejoran la calidad de las calles y barrios para sus habitantes. Proponemos las mejores soluciones teniendo en cuenta la cultura, la historia y las tradiciones de la regi\u00f3n.\" \/>\n<meta name=\"robots\" content=\"index, follow, max-snippet:-1, max-image-preview:large, max-video-preview:-1\" \/>\n<link rel=\"canonical\" href=\"https:\/\/pepsespais.com\/nosaltres\" \/>\n<meta property=\"og:locale\" content=\"es_ES\" \/>\n<meta property=\"og:type\" content=\"article\" \/>\n<meta property=\"og:title\" content=\"Creaci\u00f3n de espacios de cultura urbana, sobre PEPS Espais\" \/>\n<meta property=\"og:description\" content=\"Creamos espacios de cultura urbana que mejoran la calidad de las calles y barrios para sus habitantes. Proponemos las mejores soluciones teniendo en cuenta la cultura, la historia y las tradiciones de la regi\u00f3n.\" \/>\n<meta property=\"og:url\" content=\"https:\/\/pepsespais.com\/nosaltres\" \/>\n<meta property=\"og:site_name\" content=\"pepsespais\" \/>\n<meta property=\"article:modified_time\" content=\"2024-05-22T14:37:25+00:00\" \/>\n<meta property=\"og:image\" content=\"https:\/\/pepsespais.com\/wp-content\/uploads\/2024\/01\/serveis-1.jpg\" \/>\n<meta name=\"twitter:card\" content=\"summary_large_image\" \/>\n<meta name=\"twitter:label1\" content=\"Tiempo de lectura\" \/>\n\t<meta name=\"twitter:data1\" content=\"4 minutos\" \/>\n<script type=\"application\/ld+json\" class=\"yoast-schema-graph\">{\"@context\":\"https:\/\/schema.org\",\"@graph\":[{\"@type\":\"WebPage\",\"@id\":\"https:\/\/pepsespais.com\/nosaltres\",\"url\":\"https:\/\/pepsespais.com\/nosaltres\",\"name\":\"[:ca]Creaci\u00f3 d'espais de cultura urbana, sobre PEPS Espais[:es]Creaci\u00f3n de espacios de cultura urbana, sobre PEPS Espais[:]\",\"isPartOf\":{\"@id\":\"https:\/\/pepsespais.com\/#website\"},\"primaryImageOfPage\":{\"@id\":\"https:\/\/pepsespais.com\/nosaltres#primaryimage\"},\"image\":{\"@id\":\"https:\/\/pepsespais.com\/nosaltres#primaryimage\"},\"thumbnailUrl\":\"https:\/\/pepsespais.com\/wp-content\/uploads\/2024\/01\/serveis-1.jpg\",\"datePublished\":\"2024-01-28T14:52:08+00:00\",\"dateModified\":\"2024-05-22T14:37:25+00:00\",\"description\":\"[:ca]Creem espais de cultura urbana que milloren la qualitat dels carrers i barris per als seus habitants. Proposem les millors solucions tenint en compte la cultura, la hist\u00f2ria i les tradicions de la regi\u00f3.[:es]Creamos espacios de cultura urbana que mejoran la calidad de las calles y barrios para sus habitantes. Proponemos las mejores soluciones teniendo en cuenta la cultura, la historia y las tradiciones de la regi\u00f3n.[:]\",\"breadcrumb\":{\"@id\":\"https:\/\/pepsespais.com\/nosaltres#breadcrumb\"},\"inLanguage\":\"es\",\"potentialAction\":[{\"@type\":\"ReadAction\",\"target\":[\"https:\/\/pepsespais.com\/nosaltres\"]}]},{\"@type\":\"ImageObject\",\"inLanguage\":\"es\",\"@id\":\"https:\/\/pepsespais.com\/nosaltres#primaryimage\",\"url\":\"https:\/\/pepsespais.com\/wp-content\/uploads\/2024\/01\/serveis-1.jpg\",\"contentUrl\":\"https:\/\/pepsespais.com\/wp-content\/uploads\/2024\/01\/serveis-1.jpg\"},{\"@type\":\"BreadcrumbList\",\"@id\":\"https:\/\/pepsespais.com\/nosaltres#breadcrumb\",\"itemListElement\":[{\"@type\":\"ListItem\",\"position\":1,\"name\":\"Home\",\"item\":\"https:\/\/pepsespais.com\/\"},{\"@type\":\"ListItem\",\"position\":2,\"name\":\"Nosaltres\"}]},{\"@type\":\"WebSite\",\"@id\":\"https:\/\/pepsespais.com\/#website\",\"url\":\"https:\/\/pepsespais.com\/\",\"name\":\"pepsespais\",\"description\":\"\",\"publisher\":{\"@id\":\"https:\/\/pepsespais.com\/#organization\"},\"potentialAction\":[{\"@type\":\"SearchAction\",\"target\":{\"@type\":\"EntryPoint\",\"urlTemplate\":\"https:\/\/pepsespais.com\/?s={search_term_string}\"},\"query-input\":\"required name=search_term_string\"}],\"inLanguage\":\"es\"},{\"@type\":\"Organization\",\"@id\":\"https:\/\/pepsespais.com\/#organization\",\"name\":\"pepsespais\",\"url\":\"https:\/\/pepsespais.com\/\",\"logo\":{\"@type\":\"ImageObject\",\"inLanguage\":\"es\",\"@id\":\"https:\/\/pepsespais.com\/#\/schema\/logo\/image\/\",\"url\":\"https:\/\/pepsespais.com\/wp-content\/uploads\/2024\/01\/logo-pepsespais.png\",\"contentUrl\":\"https:\/\/pepsespais.com\/wp-content\/uploads\/2024\/01\/logo-pepsespais.png\",\"width\":235,\"height\":139,\"caption\":\"pepsespais\"},\"image\":{\"@id\":\"https:\/\/pepsespais.com\/#\/schema\/logo\/image\/\"}}]}<\/script>\n<!-- \/ Yoast SEO plugin. -->","yoast_head_json":{"title":"[:ca]Creaci\u00f3 d'espais de cultura urbana, sobre PEPS Espais[:es]Creaci\u00f3n de espacios de cultura urbana, sobre PEPS Espais[:]","description":"Creamos espacios de cultura urbana que mejoran la calidad de las calles y barrios para sus habitantes. Proponemos las mejores soluciones teniendo en cuenta la cultura, la historia y las tradiciones de la regi\u00f3n.","robots":{"index":"index","follow":"follow","max-snippet":"max-snippet:-1","max-image-preview":"max-image-preview:large","max-video-preview":"max-video-preview:-1"},"canonical":"https:\/\/pepsespais.com\/nosaltres","og_locale":"es_ES","og_type":"article","og_title":"Creaci\u00f3n de espacios de cultura urbana, sobre PEPS Espais","og_description":"Creamos espacios de cultura urbana que mejoran la calidad de las calles y barrios para sus habitantes. Proponemos las mejores soluciones teniendo en cuenta la cultura, la historia y las tradiciones de la regi\u00f3n.","og_url":"https:\/\/pepsespais.com\/nosaltres","og_site_name":"pepsespais","article_modified_time":"2024-05-22T14:37:25+00:00","og_image":[{"url":"https:\/\/pepsespais.com\/wp-content\/uploads\/2024\/01\/serveis-1.jpg"}],"twitter_card":"summary_large_image","twitter_misc":{"Tiempo de lectura":"4 minutos"},"schema":{"@context":"https:\/\/schema.org","@graph":[{"@type":"WebPage","@id":"https:\/\/pepsespais.com\/nosaltres","url":"https:\/\/pepsespais.com\/nosaltres","name":"[:ca]Creaci\u00f3 d'espais de cultura urbana, sobre PEPS Espais[:es]Creaci\u00f3n de espacios de cultura urbana, sobre PEPS Espais[:]","isPartOf":{"@id":"https:\/\/pepsespais.com\/#website"},"primaryImageOfPage":{"@id":"https:\/\/pepsespais.com\/nosaltres#primaryimage"},"image":{"@id":"https:\/\/pepsespais.com\/nosaltres#primaryimage"},"thumbnailUrl":"https:\/\/pepsespais.com\/wp-content\/uploads\/2024\/01\/serveis-1.jpg","datePublished":"2024-01-28T14:52:08+00:00","dateModified":"2024-05-22T14:37:25+00:00","description":"[:ca]Creem espais de cultura urbana que milloren la qualitat dels carrers i barris per als seus habitants. Proposem les millors solucions tenint en compte la cultura, la hist\u00f2ria i les tradicions de la regi\u00f3.[:es]Creamos espacios de cultura urbana que mejoran la calidad de las calles y barrios para sus habitantes. Proponemos las mejores soluciones teniendo en cuenta la cultura, la historia y las tradiciones de la regi\u00f3n.[:]","breadcrumb":{"@id":"https:\/\/pepsespais.com\/nosaltres#breadcrumb"},"inLanguage":"es","potentialAction":[{"@type":"ReadAction","target":["https:\/\/pepsespais.com\/nosaltres"]}]},{"@type":"ImageObject","inLanguage":"es","@id":"https:\/\/pepsespais.com\/nosaltres#primaryimage","url":"https:\/\/pepsespais.com\/wp-content\/uploads\/2024\/01\/serveis-1.jpg","contentUrl":"https:\/\/pepsespais.com\/wp-content\/uploads\/2024\/01\/serveis-1.jpg"},{"@type":"BreadcrumbList","@id":"https:\/\/pepsespais.com\/nosaltres#breadcrumb","itemListElement":[{"@type":"ListItem","position":1,"name":"Home","item":"https:\/\/pepsespais.com\/"},{"@type":"ListItem","position":2,"name":"Nosaltres"}]},{"@type":"WebSite","@id":"https:\/\/pepsespais.com\/#website","url":"https:\/\/pepsespais.com\/","name":"pepsespais","description":"","publisher":{"@id":"https:\/\/pepsespais.com\/#organization"},"potentialAction":[{"@type":"SearchAction","target":{"@type":"EntryPoint","urlTemplate":"https:\/\/pepsespais.com\/?s={search_term_string}"},"query-input":"required name=search_term_string"}],"inLanguage":"es"},{"@type":"Organization","@id":"https:\/\/pepsespais.com\/#organization","name":"pepsespais","url":"https:\/\/pepsespais.com\/","logo":{"@type":"ImageObject","inLanguage":"es","@id":"https:\/\/pepsespais.com\/#\/schema\/logo\/image\/","url":"https:\/\/pepsespais.com\/wp-content\/uploads\/2024\/01\/logo-pepsespais.png","contentUrl":"https:\/\/pepsespais.com\/wp-content\/uploads\/2024\/01\/logo-pepsespais.png","width":235,"height":139,"caption":"pepsespais"},"image":{"@id":"https:\/\/pepsespais.com\/#\/schema\/logo\/image\/"}}]}},"_links":{"self":[{"href":"https:\/\/pepsespais.com\/es\/wp-json\/wp\/v2\/pages\/574","targetHints":{"allow":["GET"]}}],"collection":[{"href":"https:\/\/pepsespais.com\/es\/wp-json\/wp\/v2\/pages"}],"about":[{"href":"https:\/\/pepsespais.com\/es\/wp-json\/wp\/v2\/types\/page"}],"author":[{"embeddable":true,"href":"https:\/\/pepsespais.com\/es\/wp-json\/wp\/v2\/users\/1"}],"replies":[{"embeddable":true,"href":"https:\/\/pepsespais.com\/es\/wp-json\/wp\/v2\/comments?post=574"}],"version-history":[{"count":9,"href":"https:\/\/pepsespais.com\/es\/wp-json\/wp\/v2\/pages\/574\/revisions"}],"predecessor-version":[{"id":620,"href":"https:\/\/pepsespais.com\/es\/wp-json\/wp\/v2\/pages\/574\/revisions\/620"}],"wp:attachment":[{"href":"https:\/\/pepsespais.com\/es\/wp-json\/wp\/v2\/media?parent=574"}],"curies":[{"name":"wp","href":"https:\/\/api.w.org\/{rel}","templated":true}]}}