{"id":428,"date":"2024-01-18T17:32:05","date_gmt":"2024-01-18T14:32:05","guid":{"rendered":"https:\/\/pepsespais.com\/?page_id=428"},"modified":"2024-05-22T17:38:42","modified_gmt":"2024-05-22T14:38:42","slug":"contacte","status":"publish","type":"page","link":"https:\/\/pepsespais.com\/es\/contacte","title":{"rendered":"Contacto"},"content":{"rendered":"<section class=\"wpb-content-wrapper\"><p>[vc_row equal_height=&#8221;yes&#8221;][vc_column width=&#8221;1\/2&#8243; animate=&#8221;fadeinleft&#8221; wap_class=&#8221;wow fadeInUp&#8221;][vc_column_text]<\/p>\n<h2>Peps Espais &#8211; Informaci\u00f3 de contacte<\/h2>\n<address>\n<div><strong>Tel\u00e9fono: <\/strong><a href=\"tel:931358638\">931 358 638<\/a><\/div>\n<div><strong>E-mail:<\/strong> <a href=\"mailto:peps@pepsespais.com\">peps@pepsespais.com<\/a><\/div>\n<div><strong>Direcci\u00f3n:<\/strong> Ctra. del Parador de Vic, km. 5,9<br \/>\n08519 \u2013 Tav\u00e8rnoles<\/div>\n<\/address>\n<p>[\/vc_column_text][\/vc_column][vc_column width=&#8221;1\/2&#8243; animate=&#8221;fadinright&#8221; wap_class=&#8221;wow fadeInUp&#8221;][vc_column_text el_class=&#8221;contacts-form&#8221;]<\/p>\n<h3>Contacta con nosotros<\/h3>\n<div class=\"wpcf7 no-js\" id=\"wpcf7-f6-o2\" lang=\"ru-RU\" dir=\"ltr\">\n<div class=\"screen-reader-response\"><p role=\"status\" aria-live=\"polite\" aria-atomic=\"true\"><\/p> <ul><\/ul><\/div>\n<form action=\"\/es\/wp-json\/wp\/v2\/pages\/428#wpcf7-f6-o2\" method=\"post\" class=\"wpcf7-form init\" aria-label=\"\u041a\u043e\u043d\u0442\u0430\u043a\u0442\u043d\u0430\u044f \u0444\u043e\u0440\u043c\u0430\" novalidate=\"novalidate\" data-status=\"init\">\n<div style=\"display: none;\">\n<input type=\"hidden\" name=\"_wpcf7\" value=\"6\" \/>\n<input type=\"hidden\" name=\"_wpcf7_version\" value=\"5.9.8\" \/>\n<input type=\"hidden\" name=\"_wpcf7_locale\" value=\"ru_RU\" \/>\n<input type=\"hidden\" name=\"_wpcf7_unit_tag\" value=\"wpcf7-f6-o2\" \/>\n<input type=\"hidden\" name=\"_wpcf7_container_post\" value=\"0\" \/>\n<input type=\"hidden\" name=\"_wpcf7_posted_data_hash\" value=\"\" \/>\n<\/div>\n<div class='vc_row'>\n\t<div class='vc_col-md-6'>\n\t\t<p><label> Nombre<br \/>\n<span class=\"wpcf7-form-control-wrap\" data-name=\"your-name\"><input size=\"40\" maxlength=\"400\" class=\"wpcf7-form-control wpcf7-text wpcf7-validates-as-required\" autocomplete=\"name\" aria-required=\"true\" aria-invalid=\"false\" value=\"\" type=\"text\" name=\"your-name\" \/><\/span> <\/label>\n\t\t<\/p>\n\t\t<p><label> E-mail<br \/>\n<span class=\"wpcf7-form-control-wrap\" data-name=\"your-email\"><input size=\"40\" maxlength=\"400\" class=\"wpcf7-form-control wpcf7-email wpcf7-validates-as-required wpcf7-text wpcf7-validates-as-email\" autocomplete=\"email\" aria-required=\"true\" aria-invalid=\"false\" value=\"\" type=\"email\" name=\"your-email\" \/><\/span> <\/label>\n\t\t<\/p>\n\t\t<p><label> Tel\u00e9fono<br \/>\n<span class=\"wpcf7-form-control-wrap\" data-name=\"tel-232\"><input size=\"40\" maxlength=\"400\" class=\"wpcf7-form-control wpcf7-tel wpcf7-validates-as-required wpcf7-text wpcf7-validates-as-tel\" aria-required=\"true\" aria-invalid=\"false\" value=\"\" type=\"tel\" name=\"tel-232\" \/><\/span> <\/label>\n\t\t<\/p>\n\t<\/div>\n\t<div class='vc_col-md-6'>\n\t\t<p><label> Escribe aqu\u00ed tu mensaje<br \/>\n<span class=\"wpcf7-form-control-wrap\" data-name=\"your-message\"><textarea cols=\"40\" rows=\"10\" maxlength=\"2000\" class=\"wpcf7-form-control wpcf7-textarea\" aria-invalid=\"false\" name=\"your-message\"><\/textarea><\/span> <\/label><br \/>\n<input class=\"wpcf7-form-control wpcf7-submit has-spinner\" type=\"submit\" value=\"Enviar!\" \/><span class=\"wpcf7-form-control-wrap\" data-name=\"agree\"><span class=\"wpcf7-form-control wpcf7-acceptance invert\"><span class=\"wpcf7-list-item\"><input type=\"checkbox\" name=\"agree\" value=\"1\" checked=\"checked\" class=\"agree\" aria-invalid=\"false\" \/><\/span><\/span><\/span>\n\t\t<\/p>\n\t<\/div>\n<\/div><div class=\"wpcf7-response-output\" aria-hidden=\"true\"><\/div>\n<\/form>\n<\/div>\n[\/vc_column_text][\/vc_column][\/vc_row][vc_row full_width=&#8221;stretch_row_content_no_spaces&#8221; el_class=&#8221;pb0&#8243;][vc_column][vc_raw_html]JTNDaWZyYW1lJTIwc3R5bGUlM0QlMjJib3JkZXIlM0ElMjAwJTNCJTIwd2lkdGglM0ElMjAxMDAlMjUlM0IlMjBoZWlnaHQlM0ElMjA0NTBweCUzQiUyMiUyMHNyYyUzRCUyMmh0dHBzJTNBJTJGJTJGd3d3Lmdvb2dsZS5jb20lMkZtYXBzJTJGZW1iZWQlM0ZwYiUzRCUyMTFtMTglMjExbTEyJTIxMW0zJTIxMWQ2MTY0LjczODI2MjQ0MzMxNCUyMTJkMi4zNTg3MTc5NjE2ODgxMTA0JTIxM2Q0MS45ODAzMzQxODQ4MDE0MSUyMTJtMyUyMTFmMCUyMTJmMCUyMTNmMCUyMTNtMiUyMTFpMTAyNCUyMTJpNzY4JTIxNGYxMy4xJTIxM20zJTIxMW0yJTIxMXMweDEyYTUyZWI2MDBjNTJhZjklMjUzQTB4ZmJjNmQyM2NlNTM1MTRmNCUyMTJzUGFyYWRvciUyNTIwZGUlMjUyMFR1cmlzbWUlMjUyMGRlJTI1MjBWaWMtU2F1JTIxNWUwJTIxM20yJTIxMXNlcyUyMTJzZXMlMjE0djE3MDY0NDcwODIzNjUlMjE1bTIlMjExc2VzJTIxMnNlcyUyMiUyMHdpZHRoJTNEJTIyMTAwJTI1JTIyJTIwaGVpZ2h0JTNEJTIyNDUwJTIyJTIwYWxsb3dmdWxsc2NyZWVuJTNEJTIyYWxsb3dmdWxsc2NyZWVuJTIyJTNFJTNDJTJGaWZyYW1lJTNF[\/vc_raw_html][\/vc_column][\/vc_row]<\/p>\n<\/section>","protected":false},"excerpt":{"rendered":"<p>[vc_row equal_height=&#8221;yes&#8221;][vc_column width=&#8221;1\/2&#8243; animate=&#8221;fadeinleft&#8221; wap_class=&#8221;wow fadeInUp&#8221;][vc_column_text] Peps Espais &#8211; Informaci\u00f3 de contacte Tel\u00e9fono: 931 358 638 E-mail: peps@pepsespais.com Direcci\u00f3n: Ctra. del Parador de Vic, km. 5,9 08519 \u2013 Tav\u00e8rnoles [\/vc_column_text][\/vc_column][vc_column width=&#8221;1\/2&#8243; animate=&#8221;fadinright&#8221; wap_class=&#8221;wow fadeInUp&#8221;][vc_column_text el_class=&#8221;contacts-form&#8221;] Contacta con nosotros [\/vc_column_text][\/vc_column][\/vc_row][vc_row full_width=&#8221;stretch_row_content_no_spaces&#8221; el_class=&#8221;pb0&#8243;][vc_column][vc_raw_html]JTNDaWZyYW1lJTIwc3R5bGUlM0QlMjJib3JkZXIlM0ElMjAwJTNCJTIwd2lkdGglM0ElMjAxMDAlMjUlM0IlMjBoZWlnaHQlM0ElMjA0NTBweCUzQiUyMiUyMHNyYyUzRCUyMmh0dHBzJTNBJTJGJTJGd3d3Lmdvb2dsZS5jb20lMkZtYXBzJTJGZW1iZWQlM0ZwYiUzRCUyMTFtMTglMjExbTEyJTIxMW0zJTIxMWQ2MTY0LjczODI2MjQ0MzMxNCUyMTJkMi4zNTg3MTc5NjE2ODgxMTA0JTIxM2Q0MS45ODAzMzQxODQ4MDE0MSUyMTJtMyUyMTFmMCUyMTJmMCUyMTNmMCUyMTNtMiUyMTFpMTAyNCUyMTJpNzY4JTIxNGYxMy4xJTIxM20zJTIxMW0yJTIxMXMweDEyYTUyZWI2MDBjNTJhZjklMjUzQTB4ZmJjNmQyM2NlNTM1MTRmNCUyMTJzUGFyYWRvciUyNTIwZGUlMjUyMFR1cmlzbWUlMjUyMGRlJTI1MjBWaWMtU2F1JTIxNWUwJTIxM20yJTIxMXNlcyUyMTJzZXMlMjE0djE3MDY0NDcwODIzNjUlMjE1bTIlMjExc2VzJTIxMnNlcyUyMiUyMHdpZHRoJTNEJTIyMTAwJTI1JTIyJTIwaGVpZ2h0JTNEJTIyNDUwJTIyJTIwYWxsb3dmdWxsc2NyZWVuJTNEJTIyYWxsb3dmdWxsc2NyZWVuJTIyJTNFJTNDJTJGaWZyYW1lJTNF[\/vc_raw_html][\/vc_column][\/vc_row]<\/p>\n","protected":false},"author":1,"featured_media":0,"parent":0,"menu_order":0,"comment_status":"closed","ping_status":"closed","template":"template-parts\/homepage.php","meta":{"footnotes":""},"class_list":["post-428","page","type-page","status-publish","hentry"],"yoast_head":"<!-- This site is optimized with the Yoast SEO plugin v22.7 - https:\/\/yoast.com\/wordpress\/plugins\/seo\/ -->\n<title>Informaci\u00f3n de contacto - PEPS Espais<\/title>\n<meta name=\"description\" content=\"Os ayudaremos a mejorar el bienestar de vuestro entorno. Llamadnos o escribidnos para una propuesta sin compromiso. PEPS Espais - las mejores soluciones con los mejores materiales y a precios asequibles. Mejoramos diversas zonas urbanas para\" \/>\n<meta name=\"robots\" content=\"index, follow, max-snippet:-1, max-image-preview:large, max-video-preview:-1\" \/>\n<link rel=\"canonical\" href=\"https:\/\/pepsespais.com\/contacte\" \/>\n<meta property=\"og:locale\" content=\"es_ES\" \/>\n<meta property=\"og:type\" content=\"article\" \/>\n<meta property=\"og:title\" content=\"Informaci\u00f3n de contacto - PEPS Espais\" \/>\n<meta property=\"og:description\" content=\"Os ayudaremos a mejorar el bienestar de vuestro entorno. Llamadnos o escribidnos para una propuesta sin compromiso. PEPS Espais - las mejores soluciones con los mejores materiales y a precios asequibles. Mejoramos diversas zonas urbanas para\" \/>\n<meta property=\"og:url\" content=\"https:\/\/pepsespais.com\/contacte\" \/>\n<meta property=\"og:site_name\" content=\"pepsespais\" \/>\n<meta property=\"article:modified_time\" content=\"2024-05-22T14:38:42+00:00\" \/>\n<meta name=\"twitter:card\" content=\"summary_large_image\" \/>\n<meta name=\"twitter:label1\" content=\"Tiempo de lectura\" \/>\n\t<meta name=\"twitter:data1\" content=\"1 minuto\" \/>\n<script type=\"application\/ld+json\" class=\"yoast-schema-graph\">{\"@context\":\"https:\/\/schema.org\",\"@graph\":[{\"@type\":\"WebPage\",\"@id\":\"https:\/\/pepsespais.com\/contacte\",\"url\":\"https:\/\/pepsespais.com\/contacte\",\"name\":\"[:ca]Informaci\u00f3 de contacte - PEPS Espais[:es]Informaci\u00f3n de contacto - PEPS Espais[:]\",\"isPartOf\":{\"@id\":\"https:\/\/pepsespais.com\/#website\"},\"datePublished\":\"2024-01-18T14:32:05+00:00\",\"dateModified\":\"2024-05-22T14:38:42+00:00\",\"description\":\"[:ca]Us ajudarem a millorar el benestar del vostre entorn. Truca'ns o escriu-nos i per la proposta sense compromis. PEPS Espais - les millors solucions amb els millors materials i a preus assequibles. Millorem diverses zones urbanes per millorar la qualitat de vida de la poblaci\u00f3.[:es]Os ayudaremos a mejorar el bienestar de vuestro entorno. Llamadnos o escribidnos para una propuesta sin compromiso. PEPS Espais - las mejores soluciones con los mejores materiales y a precios asequibles. Mejoramos diversas zonas urbanas para[:]\",\"breadcrumb\":{\"@id\":\"https:\/\/pepsespais.com\/contacte#breadcrumb\"},\"inLanguage\":\"es\",\"potentialAction\":[{\"@type\":\"ReadAction\",\"target\":[\"https:\/\/pepsespais.com\/contacte\"]}]},{\"@type\":\"BreadcrumbList\",\"@id\":\"https:\/\/pepsespais.com\/contacte#breadcrumb\",\"itemListElement\":[{\"@type\":\"ListItem\",\"position\":1,\"name\":\"Home\",\"item\":\"https:\/\/pepsespais.com\/\"},{\"@type\":\"ListItem\",\"position\":2,\"name\":\"Contacte\"}]},{\"@type\":\"WebSite\",\"@id\":\"https:\/\/pepsespais.com\/#website\",\"url\":\"https:\/\/pepsespais.com\/\",\"name\":\"pepsespais\",\"description\":\"\",\"publisher\":{\"@id\":\"https:\/\/pepsespais.com\/#organization\"},\"potentialAction\":[{\"@type\":\"SearchAction\",\"target\":{\"@type\":\"EntryPoint\",\"urlTemplate\":\"https:\/\/pepsespais.com\/?s={search_term_string}\"},\"query-input\":\"required name=search_term_string\"}],\"inLanguage\":\"es\"},{\"@type\":\"Organization\",\"@id\":\"https:\/\/pepsespais.com\/#organization\",\"name\":\"pepsespais\",\"url\":\"https:\/\/pepsespais.com\/\",\"logo\":{\"@type\":\"ImageObject\",\"inLanguage\":\"es\",\"@id\":\"https:\/\/pepsespais.com\/#\/schema\/logo\/image\/\",\"url\":\"https:\/\/pepsespais.com\/wp-content\/uploads\/2024\/01\/logo-pepsespais.png\",\"contentUrl\":\"https:\/\/pepsespais.com\/wp-content\/uploads\/2024\/01\/logo-pepsespais.png\",\"width\":235,\"height\":139,\"caption\":\"pepsespais\"},\"image\":{\"@id\":\"https:\/\/pepsespais.com\/#\/schema\/logo\/image\/\"}}]}<\/script>\n<!-- \/ Yoast SEO plugin. -->","yoast_head_json":{"title":"[:ca]Informaci\u00f3 de contacte - PEPS Espais[:es]Informaci\u00f3n de contacto - PEPS Espais[:]","description":"Os ayudaremos a mejorar el bienestar de vuestro entorno. Llamadnos o escribidnos para una propuesta sin compromiso. PEPS Espais - las mejores soluciones con los mejores materiales y a precios asequibles. Mejoramos diversas zonas urbanas para","robots":{"index":"index","follow":"follow","max-snippet":"max-snippet:-1","max-image-preview":"max-image-preview:large","max-video-preview":"max-video-preview:-1"},"canonical":"https:\/\/pepsespais.com\/contacte","og_locale":"es_ES","og_type":"article","og_title":"Informaci\u00f3n de contacto - PEPS Espais","og_description":"Os ayudaremos a mejorar el bienestar de vuestro entorno. Llamadnos o escribidnos para una propuesta sin compromiso. PEPS Espais - las mejores soluciones con los mejores materiales y a precios asequibles. Mejoramos diversas zonas urbanas para","og_url":"https:\/\/pepsespais.com\/contacte","og_site_name":"pepsespais","article_modified_time":"2024-05-22T14:38:42+00:00","twitter_card":"summary_large_image","twitter_misc":{"Tiempo de lectura":"1 minuto"},"schema":{"@context":"https:\/\/schema.org","@graph":[{"@type":"WebPage","@id":"https:\/\/pepsespais.com\/contacte","url":"https:\/\/pepsespais.com\/contacte","name":"[:ca]Informaci\u00f3 de contacte - PEPS Espais[:es]Informaci\u00f3n de contacto - PEPS Espais[:]","isPartOf":{"@id":"https:\/\/pepsespais.com\/#website"},"datePublished":"2024-01-18T14:32:05+00:00","dateModified":"2024-05-22T14:38:42+00:00","description":"[:ca]Us ajudarem a millorar el benestar del vostre entorn. Truca'ns o escriu-nos i per la proposta sense compromis. PEPS Espais - les millors solucions amb els millors materials i a preus assequibles. Millorem diverses zones urbanes per millorar la qualitat de vida de la poblaci\u00f3.[:es]Os ayudaremos a mejorar el bienestar de vuestro entorno. Llamadnos o escribidnos para una propuesta sin compromiso. PEPS Espais - las mejores soluciones con los mejores materiales y a precios asequibles. Mejoramos diversas zonas urbanas para[:]","breadcrumb":{"@id":"https:\/\/pepsespais.com\/contacte#breadcrumb"},"inLanguage":"es","potentialAction":[{"@type":"ReadAction","target":["https:\/\/pepsespais.com\/contacte"]}]},{"@type":"BreadcrumbList","@id":"https:\/\/pepsespais.com\/contacte#breadcrumb","itemListElement":[{"@type":"ListItem","position":1,"name":"Home","item":"https:\/\/pepsespais.com\/"},{"@type":"ListItem","position":2,"name":"Contacte"}]},{"@type":"WebSite","@id":"https:\/\/pepsespais.com\/#website","url":"https:\/\/pepsespais.com\/","name":"pepsespais","description":"","publisher":{"@id":"https:\/\/pepsespais.com\/#organization"},"potentialAction":[{"@type":"SearchAction","target":{"@type":"EntryPoint","urlTemplate":"https:\/\/pepsespais.com\/?s={search_term_string}"},"query-input":"required name=search_term_string"}],"inLanguage":"es"},{"@type":"Organization","@id":"https:\/\/pepsespais.com\/#organization","name":"pepsespais","url":"https:\/\/pepsespais.com\/","logo":{"@type":"ImageObject","inLanguage":"es","@id":"https:\/\/pepsespais.com\/#\/schema\/logo\/image\/","url":"https:\/\/pepsespais.com\/wp-content\/uploads\/2024\/01\/logo-pepsespais.png","contentUrl":"https:\/\/pepsespais.com\/wp-content\/uploads\/2024\/01\/logo-pepsespais.png","width":235,"height":139,"caption":"pepsespais"},"image":{"@id":"https:\/\/pepsespais.com\/#\/schema\/logo\/image\/"}}]}},"_links":{"self":[{"href":"https:\/\/pepsespais.com\/es\/wp-json\/wp\/v2\/pages\/428","targetHints":{"allow":["GET"]}}],"collection":[{"href":"https:\/\/pepsespais.com\/es\/wp-json\/wp\/v2\/pages"}],"about":[{"href":"https:\/\/pepsespais.com\/es\/wp-json\/wp\/v2\/types\/page"}],"author":[{"embeddable":true,"href":"https:\/\/pepsespais.com\/es\/wp-json\/wp\/v2\/users\/1"}],"replies":[{"embeddable":true,"href":"https:\/\/pepsespais.com\/es\/wp-json\/wp\/v2\/comments?post=428"}],"version-history":[{"count":11,"href":"https:\/\/pepsespais.com\/es\/wp-json\/wp\/v2\/pages\/428\/revisions"}],"predecessor-version":[{"id":556,"href":"https:\/\/pepsespais.com\/es\/wp-json\/wp\/v2\/pages\/428\/revisions\/556"}],"wp:attachment":[{"href":"https:\/\/pepsespais.com\/es\/wp-json\/wp\/v2\/media?parent=428"}],"curies":[{"name":"wp","href":"https:\/\/api.w.org\/{rel}","templated":true}]}}