{"id":1294,"date":"2024-05-08T17:10:54","date_gmt":"2024-05-08T14:10:54","guid":{"rendered":"https:\/\/pepsespais.com\/?page_id=1294"},"modified":"2024-05-08T17:21:51","modified_gmt":"2024-05-08T14:21:51","slug":"avis-legal","status":"publish","type":"page","link":"https:\/\/pepsespais.com\/es\/avis-legal","title":{"rendered":"Aviso legal y Pol\u00edtica de privacidad"},"content":{"rendered":"<p>El sitio web y el dominio\u00a0<a href=\"https:\/\/web.archive.org\/web\/20230530052248\/https:\/\/www.pepsespais.com\/\">pepsespais.com<\/a>\u00a0corresponden a Personalitzaci\u00f3 d\u2019Espais P\u00fablics, SL, con CIF B67164384 y domicilio en la calle Vista Alegre, 6 de las Masies de Roda (CP 08510), direcci\u00f3n electr\u00f3nica\u00a0<a href=\"https:\/\/web.archive.org\/web\/20230530052248\/mailto:peps@pepsespais.com\">peps@pepsespais.com<\/a>, inscrita en el Registro Mercantil de Barcelona Secci\u00f3n General volumen 46.307, folio 98, hoja 516.007, inscripci\u00f3n 2.<\/p>\n<h3 class=\"wp-block-heading\"><strong>PROPIEDAD INTELECTUAL E INDUSTRIAL<\/strong><\/h3>\n<p>Los derechos sobre los contenidos de este sitio, incluyendo los textos, im\u00e1genes, dise\u00f1os gr\u00e1ficos, marcas y otros signos distintivos (en adelante los contenidos), pertenecen a Personalitzaci\u00f3 d\u2019Espais P\u00fablics, SL (en adelante Peps Espais) o a terceros que han autorizado su uso. Peps Espais presenta estos contenidos para informar de sus servicios y actividades. Peps Espais autoriza la utilizaci\u00f3n de los contenidos para usos no comerciales siempre que se indique de forma clara la fuente. Si los contenidos se utilizan en entornos web ser\u00e1 necesario incluir un enlace a\u00a0<a href=\"https:\/\/web.archive.org\/web\/20230530052248\/https:\/\/www.pepsespais.com\/\"><strong>https:\/\/www.pepsespais.com<\/strong><\/a>. Peps Espais se reserva el derecho a iniciar las acciones legales oportunas en defensa de sus derechos de propiedad intelectual o industrial.<\/p>\n<p>No se autorizan presentaciones de los contenidos de este sitio en una ventana ajena a\u00a0<a href=\"https:\/\/web.archive.org\/web\/20230530052248\/https:\/\/www.pepsespais.com\/\"><strong>https:\/\/www.pepsespais.com<\/strong><\/a>.<\/p>\n<h3 class=\"wp-block-heading\"><strong>RESPONSABILIDAD SOBRE LOS CONTENIDOS<\/strong><\/h3>\n<p>No obstante que Peps Espais act\u00faa con la m\u00e1xima diligencia posible, puede darse el caso de que alg\u00fan dato o informaci\u00f3n no est\u00e9 del todo actualizada en el momento que el usuario del sitio web lo consulte.<\/p>\n<p>Peps Espais se reserva el derecho a modificar unilateralmente, en cualquier momento y sin previo aviso, la presentaci\u00f3n, configuraci\u00f3n y contenidos de la web.<\/p>\n<p>Peps Espais no ser\u00e1 responsable de la informaci\u00f3n que se pueda obtener a trav\u00e9s de enlaces incluydos en el sitio web.<\/p>\n<h3 class=\"wp-block-heading\"><strong>CONDICIONES DE USO<\/strong><\/h3>\n<p>El uso de este sitio web implica la aceptaci\u00f3n plena de los t\u00e9rminos y condiciones del presente aviso legal. Los posibles conflictos relativos a esta web se regir\u00e1n exclusivamente por el derecho del Estado espa\u00f1ol. Toda persona usuaria del web, independientemente de la jurisdicci\u00f3n territorial desde la que se produzca su acceso, acepta el cumplimiento y respeto de estas cl\u00e1usulas con renuncia expresa a cualquier otro fuero que pudiera corresponderle.<\/p>","protected":false},"excerpt":{"rendered":"<p>El sitio web y el dominio\u00a0pepsespais.com\u00a0corresponden a Personalitzaci\u00f3 d\u2019Espais P\u00fablics, SL, con CIF B67164384 y domicilio en la calle Vista Alegre, 6 de las Masies de Roda (CP 08510), direcci\u00f3n electr\u00f3nica\u00a0peps@pepsespais.com, inscrita en el Registro Mercantil de Barcelona Secci\u00f3n General volumen 46.307, folio 98, hoja 516.007, inscripci\u00f3n 2. PROPIEDAD INTELECTUAL E INDUSTRIAL Los derechos sobre los contenidos de este sitio, incluyendo los textos, im\u00e1genes, dise\u00f1os gr\u00e1ficos, marcas y otros signos distintivos (en adelante los contenidos), pertenecen a Personalitzaci\u00f3 d\u2019Espais P\u00fablics, SL (en adelante Peps Espais) o a terceros que han autorizado su uso. Peps Espais presenta estos contenidos para informar de sus servicios y actividades. Peps Espais autoriza la utilizaci\u00f3n de los contenidos para usos no comerciales siempre que se indique de forma clara la fuente. Si los contenidos se utilizan en entornos web ser\u00e1 necesario incluir un enlace a\u00a0https:\/\/www.pepsespais.com. Peps Espais se reserva el derecho a iniciar las acciones legales oportunas en defensa de sus derechos de propiedad intelectual o industrial. No se autorizan presentaciones de los contenidos de este sitio en una ventana ajena a\u00a0https:\/\/www.pepsespais.com. RESPONSABILIDAD SOBRE LOS CONTENIDOS No obstante que Peps Espais act\u00faa con la m\u00e1xima diligencia posible, puede darse el caso de que alg\u00fan dato o informaci\u00f3n no est\u00e9 del todo actualizada en el momento que el usuario del sitio web lo consulte. Peps Espais se reserva el derecho a modificar unilateralmente, en cualquier momento y sin previo aviso, la presentaci\u00f3n, configuraci\u00f3n y contenidos de la web. Peps Espais no ser\u00e1 responsable de la informaci\u00f3n que se pueda obtener a trav\u00e9s de enlaces incluydos en el sitio web. CONDICIONES DE USO El uso de este sitio web implica la aceptaci\u00f3n plena de los t\u00e9rminos y condiciones del presente aviso legal. Los posibles conflictos relativos a esta web se regir\u00e1n exclusivamente por el derecho del Estado espa\u00f1ol. Toda persona usuaria del web, independientemente de la jurisdicci\u00f3n territorial desde la que se produzca su acceso, acepta el cumplimiento y respeto de estas cl\u00e1usulas con renuncia expresa a cualquier otro fuero que pudiera corresponderle.<\/p>\n","protected":false},"author":1,"featured_media":0,"parent":0,"menu_order":0,"comment_status":"closed","ping_status":"closed","template":"template-parts\/homepage.php","meta":{"footnotes":""},"class_list":["post-1294","page","type-page","status-publish","hentry"],"yoast_head":"<!-- This site is optimized with the Yoast SEO plugin v22.7 - https:\/\/yoast.com\/wordpress\/plugins\/seo\/ -->\n<title>Aviso legal y Pol\u00edtica de privacidad - pepsespais<\/title>\n<meta name=\"robots\" content=\"index, follow, max-snippet:-1, max-image-preview:large, max-video-preview:-1\" \/>\n<link rel=\"canonical\" href=\"https:\/\/pepsespais.com\/avis-legal\" \/>\n<meta property=\"og:locale\" content=\"es_ES\" \/>\n<meta property=\"og:type\" content=\"article\" \/>\n<meta property=\"og:title\" content=\"Aviso legal y Pol\u00edtica de privacidad - pepsespais\" \/>\n<meta property=\"og:description\" content=\"El sitio web y el dominio\u00a0pepsespais.com\u00a0corresponden a Personalitzaci\u00f3 d\u2019Espais P\u00fablics, SL, con CIF B67164384 y domicilio en la calle Vista Alegre, 6 de las Masies de Roda (CP 08510), direcci\u00f3n electr\u00f3nica\u00a0peps@pepsespais.com, inscrita en el Registro Mercantil de Barcelona Secci\u00f3n General volumen 46.307, folio 98, hoja 516.007, inscripci\u00f3n 2. PROPIEDAD INTELECTUAL E INDUSTRIAL Los derechos sobre los contenidos de este sitio, incluyendo los textos, im\u00e1genes, dise\u00f1os gr\u00e1ficos, marcas y otros signos distintivos (en adelante los contenidos), pertenecen a Personalitzaci\u00f3 d\u2019Espais P\u00fablics, SL (en adelante Peps Espais) o a terceros que han autorizado su uso. Peps Espais presenta estos contenidos para informar de sus servicios y actividades. Peps Espais autoriza la utilizaci\u00f3n de los contenidos para usos no comerciales siempre que se indique de forma clara la fuente. Si los contenidos se utilizan en entornos web ser\u00e1 necesario incluir un enlace a\u00a0https:\/\/www.pepsespais.com. Peps Espais se reserva el derecho a iniciar las acciones legales oportunas en defensa de sus derechos de propiedad intelectual o industrial. No se autorizan presentaciones de los contenidos de este sitio en una ventana ajena a\u00a0https:\/\/www.pepsespais.com. RESPONSABILIDAD SOBRE LOS CONTENIDOS No obstante que Peps Espais act\u00faa con la m\u00e1xima diligencia posible, puede darse el caso de que alg\u00fan dato o informaci\u00f3n no est\u00e9 del todo actualizada en el momento que el usuario del sitio web lo consulte. Peps Espais se reserva el derecho a modificar unilateralmente, en cualquier momento y sin previo aviso, la presentaci\u00f3n, configuraci\u00f3n y contenidos de la web. Peps Espais no ser\u00e1 responsable de la informaci\u00f3n que se pueda obtener a trav\u00e9s de enlaces incluydos en el sitio web. CONDICIONES DE USO El uso de este sitio web implica la aceptaci\u00f3n plena de los t\u00e9rminos y condiciones del presente aviso legal. Los posibles conflictos relativos a esta web se regir\u00e1n exclusivamente por el derecho del Estado espa\u00f1ol. Toda persona usuaria del web, independientemente de la jurisdicci\u00f3n territorial desde la que se produzca su acceso, acepta el cumplimiento y respeto de estas cl\u00e1usulas con renuncia expresa a cualquier otro fuero que pudiera corresponderle.\" \/>\n<meta property=\"og:url\" content=\"https:\/\/pepsespais.com\/avis-legal\" \/>\n<meta property=\"og:site_name\" content=\"pepsespais\" \/>\n<meta property=\"article:modified_time\" content=\"2024-05-08T14:21:51+00:00\" \/>\n<meta name=\"twitter:card\" content=\"summary_large_image\" \/>\n<meta name=\"twitter:label1\" content=\"Tiempo de lectura\" \/>\n\t<meta name=\"twitter:data1\" content=\"2 minutos\" \/>\n<script type=\"application\/ld+json\" class=\"yoast-schema-graph\">{\"@context\":\"https:\/\/schema.org\",\"@graph\":[{\"@type\":\"WebPage\",\"@id\":\"https:\/\/pepsespais.com\/avis-legal\",\"url\":\"https:\/\/pepsespais.com\/avis-legal\",\"name\":\"[:ca]Av\u00eds legal i Politica de privadesa[:es]Aviso legal y Pol\u00edtica de privacidad[:] - pepsespais\",\"isPartOf\":{\"@id\":\"https:\/\/pepsespais.com\/#website\"},\"datePublished\":\"2024-05-08T14:10:54+00:00\",\"dateModified\":\"2024-05-08T14:21:51+00:00\",\"breadcrumb\":{\"@id\":\"https:\/\/pepsespais.com\/avis-legal#breadcrumb\"},\"inLanguage\":\"es\",\"potentialAction\":[{\"@type\":\"ReadAction\",\"target\":[\"https:\/\/pepsespais.com\/avis-legal\"]}]},{\"@type\":\"BreadcrumbList\",\"@id\":\"https:\/\/pepsespais.com\/avis-legal#breadcrumb\",\"itemListElement\":[{\"@type\":\"ListItem\",\"position\":1,\"name\":\"Home\",\"item\":\"https:\/\/pepsespais.com\/\"},{\"@type\":\"ListItem\",\"position\":2,\"name\":\"Av\u00eds legal i Politica de privadesa\"}]},{\"@type\":\"WebSite\",\"@id\":\"https:\/\/pepsespais.com\/#website\",\"url\":\"https:\/\/pepsespais.com\/\",\"name\":\"pepsespais\",\"description\":\"\",\"publisher\":{\"@id\":\"https:\/\/pepsespais.com\/#organization\"},\"potentialAction\":[{\"@type\":\"SearchAction\",\"target\":{\"@type\":\"EntryPoint\",\"urlTemplate\":\"https:\/\/pepsespais.com\/?s={search_term_string}\"},\"query-input\":\"required name=search_term_string\"}],\"inLanguage\":\"es\"},{\"@type\":\"Organization\",\"@id\":\"https:\/\/pepsespais.com\/#organization\",\"name\":\"pepsespais\",\"url\":\"https:\/\/pepsespais.com\/\",\"logo\":{\"@type\":\"ImageObject\",\"inLanguage\":\"es\",\"@id\":\"https:\/\/pepsespais.com\/#\/schema\/logo\/image\/\",\"url\":\"https:\/\/pepsespais.com\/wp-content\/uploads\/2024\/01\/logo-pepsespais.png\",\"contentUrl\":\"https:\/\/pepsespais.com\/wp-content\/uploads\/2024\/01\/logo-pepsespais.png\",\"width\":235,\"height\":139,\"caption\":\"pepsespais\"},\"image\":{\"@id\":\"https:\/\/pepsespais.com\/#\/schema\/logo\/image\/\"}}]}<\/script>\n<!-- \/ Yoast SEO plugin. -->","yoast_head_json":{"title":"[:ca]Av\u00eds legal i Politica de privadesa[:es]Aviso legal y Pol\u00edtica de privacidad[:] - pepsespais","robots":{"index":"index","follow":"follow","max-snippet":"max-snippet:-1","max-image-preview":"max-image-preview:large","max-video-preview":"max-video-preview:-1"},"canonical":"https:\/\/pepsespais.com\/avis-legal","og_locale":"es_ES","og_type":"article","og_title":"Aviso legal y Pol\u00edtica de privacidad - pepsespais","og_description":"El sitio web y el dominio\u00a0pepsespais.com\u00a0corresponden a Personalitzaci\u00f3 d\u2019Espais P\u00fablics, SL, con CIF B67164384 y domicilio en la calle Vista Alegre, 6 de las Masies de Roda (CP 08510), direcci\u00f3n electr\u00f3nica\u00a0peps@pepsespais.com, inscrita en el Registro Mercantil de Barcelona Secci\u00f3n General volumen 46.307, folio 98, hoja 516.007, inscripci\u00f3n 2. PROPIEDAD INTELECTUAL E INDUSTRIAL Los derechos sobre los contenidos de este sitio, incluyendo los textos, im\u00e1genes, dise\u00f1os gr\u00e1ficos, marcas y otros signos distintivos (en adelante los contenidos), pertenecen a Personalitzaci\u00f3 d\u2019Espais P\u00fablics, SL (en adelante Peps Espais) o a terceros que han autorizado su uso. Peps Espais presenta estos contenidos para informar de sus servicios y actividades. Peps Espais autoriza la utilizaci\u00f3n de los contenidos para usos no comerciales siempre que se indique de forma clara la fuente. Si los contenidos se utilizan en entornos web ser\u00e1 necesario incluir un enlace a\u00a0https:\/\/www.pepsespais.com. Peps Espais se reserva el derecho a iniciar las acciones legales oportunas en defensa de sus derechos de propiedad intelectual o industrial. No se autorizan presentaciones de los contenidos de este sitio en una ventana ajena a\u00a0https:\/\/www.pepsespais.com. RESPONSABILIDAD SOBRE LOS CONTENIDOS No obstante que Peps Espais act\u00faa con la m\u00e1xima diligencia posible, puede darse el caso de que alg\u00fan dato o informaci\u00f3n no est\u00e9 del todo actualizada en el momento que el usuario del sitio web lo consulte. Peps Espais se reserva el derecho a modificar unilateralmente, en cualquier momento y sin previo aviso, la presentaci\u00f3n, configuraci\u00f3n y contenidos de la web. Peps Espais no ser\u00e1 responsable de la informaci\u00f3n que se pueda obtener a trav\u00e9s de enlaces incluydos en el sitio web. CONDICIONES DE USO El uso de este sitio web implica la aceptaci\u00f3n plena de los t\u00e9rminos y condiciones del presente aviso legal. Los posibles conflictos relativos a esta web se regir\u00e1n exclusivamente por el derecho del Estado espa\u00f1ol. Toda persona usuaria del web, independientemente de la jurisdicci\u00f3n territorial desde la que se produzca su acceso, acepta el cumplimiento y respeto de estas cl\u00e1usulas con renuncia expresa a cualquier otro fuero que pudiera corresponderle.","og_url":"https:\/\/pepsespais.com\/avis-legal","og_site_name":"pepsespais","article_modified_time":"2024-05-08T14:21:51+00:00","twitter_card":"summary_large_image","twitter_misc":{"Tiempo de lectura":"2 minutos"},"schema":{"@context":"https:\/\/schema.org","@graph":[{"@type":"WebPage","@id":"https:\/\/pepsespais.com\/avis-legal","url":"https:\/\/pepsespais.com\/avis-legal","name":"[:ca]Av\u00eds legal i Politica de privadesa[:es]Aviso legal y Pol\u00edtica de privacidad[:] - pepsespais","isPartOf":{"@id":"https:\/\/pepsespais.com\/#website"},"datePublished":"2024-05-08T14:10:54+00:00","dateModified":"2024-05-08T14:21:51+00:00","breadcrumb":{"@id":"https:\/\/pepsespais.com\/avis-legal#breadcrumb"},"inLanguage":"es","potentialAction":[{"@type":"ReadAction","target":["https:\/\/pepsespais.com\/avis-legal"]}]},{"@type":"BreadcrumbList","@id":"https:\/\/pepsespais.com\/avis-legal#breadcrumb","itemListElement":[{"@type":"ListItem","position":1,"name":"Home","item":"https:\/\/pepsespais.com\/"},{"@type":"ListItem","position":2,"name":"Av\u00eds legal i Politica de privadesa"}]},{"@type":"WebSite","@id":"https:\/\/pepsespais.com\/#website","url":"https:\/\/pepsespais.com\/","name":"pepsespais","description":"","publisher":{"@id":"https:\/\/pepsespais.com\/#organization"},"potentialAction":[{"@type":"SearchAction","target":{"@type":"EntryPoint","urlTemplate":"https:\/\/pepsespais.com\/?s={search_term_string}"},"query-input":"required name=search_term_string"}],"inLanguage":"es"},{"@type":"Organization","@id":"https:\/\/pepsespais.com\/#organization","name":"pepsespais","url":"https:\/\/pepsespais.com\/","logo":{"@type":"ImageObject","inLanguage":"es","@id":"https:\/\/pepsespais.com\/#\/schema\/logo\/image\/","url":"https:\/\/pepsespais.com\/wp-content\/uploads\/2024\/01\/logo-pepsespais.png","contentUrl":"https:\/\/pepsespais.com\/wp-content\/uploads\/2024\/01\/logo-pepsespais.png","width":235,"height":139,"caption":"pepsespais"},"image":{"@id":"https:\/\/pepsespais.com\/#\/schema\/logo\/image\/"}}]}},"_links":{"self":[{"href":"https:\/\/pepsespais.com\/es\/wp-json\/wp\/v2\/pages\/1294","targetHints":{"allow":["GET"]}}],"collection":[{"href":"https:\/\/pepsespais.com\/es\/wp-json\/wp\/v2\/pages"}],"about":[{"href":"https:\/\/pepsespais.com\/es\/wp-json\/wp\/v2\/types\/page"}],"author":[{"embeddable":true,"href":"https:\/\/pepsespais.com\/es\/wp-json\/wp\/v2\/users\/1"}],"replies":[{"embeddable":true,"href":"https:\/\/pepsespais.com\/es\/wp-json\/wp\/v2\/comments?post=1294"}],"version-history":[{"count":2,"href":"https:\/\/pepsespais.com\/es\/wp-json\/wp\/v2\/pages\/1294\/revisions"}],"predecessor-version":[{"id":1299,"href":"https:\/\/pepsespais.com\/es\/wp-json\/wp\/v2\/pages\/1294\/revisions\/1299"}],"wp:attachment":[{"href":"https:\/\/pepsespais.com\/es\/wp-json\/wp\/v2\/media?parent=1294"}],"curies":[{"name":"wp","href":"https:\/\/api.w.org\/{rel}","templated":true}]}}